{"id":2,"date":"2010-08-17T00:32:49","date_gmt":"2010-08-17T00:32:49","guid":{"rendered":"http:\/\/friedhofstribuene.at\/wordpress\/?page_id=2"},"modified":"2026-01-13T14:54:37","modified_gmt":"2026-01-13T12:54:37","slug":"mitglied-werden","status":"publish","type":"page","link":"https:\/\/www.friedhofstribuene.at\/wordpress\/mitglied-werden\/","title":{"rendered":"Freund*innen der FHT"},"content":{"rendered":"<p>Hauptziel der Freund*innen der Friedhofstrib\u00fcne ist neben der Unterst\u00fctzung des WSC die F\u00f6rderung eines respektvollen und toleranten Umgangs miteinander.<\/p>\n<p>Wir sehen keinen Platz am Platz f\u00fcr:<\/p>\n<p>Rassismus<br \/>\nHomophobie<br \/>\nSexismus<br \/>\nFaschismus<br \/>\nund sonstige Diskriminierung.<\/p>\n<p>F\u00fcr positiven Support! F\u00fcr ein Miteinander ohne Diskriminierung!<\/p>\n<p>Und falls jemand die Freund*innen der Friedhofstrib\u00fcne und diese Ziele finanziell unterst\u00fctzen m\u00f6chte, der kann das sehr gern tun &#8211; jeder Beitrag ist willkommen:<\/p>\n<p>Konto: 40176440002<br \/>\nBankleitzahl: 43000<br \/>\nBezeichnung: Freund*innen der Friedhofstrib\u00fcne<br \/>\nIBAN: AT744300040176440002<br \/>\nBIC\/SWIFT-Code: VBWIATW1<br \/>\n<a href=\"mailto:freunde.der@friedhofstribuene.at\" target=\"_blank\" rel=\"noopener noreferrer\">freunde.der@friedhofstrib\u00fcne.at<\/a><\/p>\n<p>Danke!<\/p>\n<p>Download:<\/p>\n<p><a href=\"https:\/\/www.friedhofstribuene.at\/wordpress\/wp-content\/uploads\/2026\/01\/Freundinnen-der-Friedhofstribuene-Statuten-2025.pdf\">Statuten der Freund_innen der Friedhofstrib\u00fcne <\/a><\/p>\n<p>Du m\u00f6chtest Mitglied bei den Freund*innen der Friedhofstrib\u00fcne werden?<\/p>\n<p>Beitrittserkl\u00e4rung downloaden &#8211; ausf\u00fcllen &#8211; einscannen und an <a href=\"mailto:mitglieder@friedhofstribuene.at\">mitglieder@friedhofstribuene.at <\/a><br \/>\nschicken (oder einfach bei den Heimspielen abgeben)<\/p>\n<p>Der Mitgliedsbeitrag betr\u00e4gt \u20ac 15,- \/ Kalenderjahr.<\/p>\n<p><a href=\"https:\/\/www.friedhofstribuene.at\/wordpress\/wp-content\/uploads\/2024\/03\/Beitrittserklaerung_FHT.pdf\">Beitrittserkl\u00e4rung<\/a><\/p>\n","protected":false},"excerpt":{"rendered":"<p>Hauptziel der Freund*innen der Friedhofstrib\u00fcne ist neben der Unterst\u00fctzung des WSC die F\u00f6rderung eines respektvollen und toleranten Umgangs miteinander. Wir sehen keinen Platz am Platz f\u00fcr: Rassismus Homophobie Sexismus Faschismus und sonstige Diskriminierung. F\u00fcr positiven Support! F\u00fcr ein Miteinander ohne &hellip; <a href=\"https:\/\/www.friedhofstribuene.at\/wordpress\/mitglied-werden\/\">Weiterlesen <span class=\"meta-nav\">&rarr;<\/span><\/a><\/p>\n","protected":false},"author":1,"featured_media":0,"parent":0,"menu_order":1,"comment_status":"closed","ping_status":"open","template":"","meta":{"ngg_post_thumbnail":0,"footnotes":""},"class_list":["post-2","page","type-page","status-publish","hentry"],"_links":{"self":[{"href":"https:\/\/www.friedhofstribuene.at\/wordpress\/wp-json\/wp\/v2\/pages\/2","targetHints":{"allow":["GET"]}}],"collection":[{"href":"https:\/\/www.friedhofstribuene.at\/wordpress\/wp-json\/wp\/v2\/pages"}],"about":[{"href":"https:\/\/www.friedhofstribuene.at\/wordpress\/wp-json\/wp\/v2\/types\/page"}],"author":[{"embeddable":true,"href":"https:\/\/www.friedhofstribuene.at\/wordpress\/wp-json\/wp\/v2\/users\/1"}],"replies":[{"embeddable":true,"href":"https:\/\/www.friedhofstribuene.at\/wordpress\/wp-json\/wp\/v2\/comments?post=2"}],"version-history":[{"count":27,"href":"https:\/\/www.friedhofstribuene.at\/wordpress\/wp-json\/wp\/v2\/pages\/2\/revisions"}],"predecessor-version":[{"id":7073,"href":"https:\/\/www.friedhofstribuene.at\/wordpress\/wp-json\/wp\/v2\/pages\/2\/revisions\/7073"}],"wp:attachment":[{"href":"https:\/\/www.friedhofstribuene.at\/wordpress\/wp-json\/wp\/v2\/media?parent=2"}],"curies":[{"name":"wp","href":"https:\/\/api.w.org\/{rel}","templated":true}]}}