{"id":20,"date":"2010-08-30T12:47:00","date_gmt":"2010-08-30T10:47:00","guid":{"rendered":"http:\/\/friedhofstribuene.at\/wordpress\/?page_id=20"},"modified":"2026-01-20T21:03:56","modified_gmt":"2026-01-20T19:03:56","slug":"dornbach-kickt","status":"publish","type":"page","link":"https:\/\/www.friedhofstribuene.at\/wordpress\/dornbach-kickt\/","title":{"rendered":"FHT kickt"},"content":{"rendered":"<p><strong>FHT is on the green.<\/strong> 2026 wollen wir \u201eFHT kickt\u201c nach ein paar Jahren Pause wieder reaktivieren \ud83d\udd25 Ziel ist, mit einem neu aufgestellten Team beim Ute Bock Cup teilzunehmen.<\/p>\n<p>Wichtig \ud83d\udc49 wir starten komplett neu. Alle, die fr\u00fcher schon dabei waren, sind sehr herzlich eingeladen, wieder mitzuspielen \u2013 aber die Teamliste beginnt bewusst bei 0. Neustart halt.<\/p>\n<p>Geplant sind au\u00dferdem unregelm\u00e4\u00dfige Trainings \u2013 noch nichts fixes, Details kommen zeitnah. Wer grunds\u00e4tzlich Interesse hat mitzuspielen (oder erst mal Infos will), bitte per Mail anmelden: \ud83d\udce7 <a href=\"mailto:fhtkickt@gmail.com\">fhtkickt@gmail.com<\/a><\/p>\n<p>Sagt\u2018s gern weiter &amp; meldet euch, wir freuen uns \u00fcber jede:n der:die Lust hat \ud83d\udda4\ud83e\udd0d<\/p>\n<p><img loading=\"lazy\" decoding=\"async\" class=\"aligncenter size-medium wp-image-3604\" src=\"http:\/\/www.friedhofstribuene.at\/wordpress\/wp-content\/uploads\/2010\/08\/fhtkickt-245x300.jpg\" alt=\"FHT Dress\" width=\"245\" height=\"300\" srcset=\"https:\/\/www.friedhofstribuene.at\/wordpress\/wp-content\/uploads\/2010\/08\/fhtkickt-245x300.jpg 245w, https:\/\/www.friedhofstribuene.at\/wordpress\/wp-content\/uploads\/2010\/08\/fhtkickt.jpg 600w\" sizes=\"auto, (max-width: 245px) 100vw, 245px\" \/><\/p>\n<p>Wo fr\u00fcher so gekickt wurde, ist in den SAW-Fanzine zu finden. Ein bisschen was historisches gibt&#8217;s auch hier:<\/p>\n<p><i>Einen R\u00fcckblick auf die Saison 2015 gibts in FHT on Tour #20<\/i><i><br \/>\n<\/i><i><a href=\"http:\/\/www.friedhofstribuene.at\/wordpress\/wp-content\/uploads\/2010\/11\/FHTonTour_20.pdf\" target=\"_blank\" rel=\"noopener noreferrer\">FHT on Tour #20 \u2013 2015-09<\/a>&nbsp;&nbsp;<\/i><\/p>\n<p><i>Einen R\u00fcckblick auf die Saison 2016 gibt&#8217;s auch:<br \/>\n<a href=\"http:\/\/www.friedhofstribuene.at\/wordpress\/fht-kickt-rueckblick-auf-die-saison-2016\/\">FHT kickt &#8211; der R\u00fcckblick auf die Saison 2016<\/a><\/i><\/p>\n<p>Und hier der R\u00fcckblick auf 2017:<br \/>\n<a href=\"http:\/\/www.friedhofstribuene.at\/wordpress\/fht-kickrueckblick-2017\/\">FHT kickt &#8211; der Jahresr\u00fcckblick 2017<\/a><\/p>\n<p>&nbsp;<\/p>\n<p>&nbsp;<\/p>\n","protected":false},"excerpt":{"rendered":"<p>FHT is on the green. 2026 wollen wir \u201eFHT kickt\u201c nach ein paar Jahren Pause wieder reaktivieren \ud83d\udd25 Ziel ist, mit einem neu aufgestellten Team beim Ute Bock Cup teilzunehmen. Wichtig \ud83d\udc49 wir starten komplett neu. Alle, die fr\u00fcher schon &hellip; <a href=\"https:\/\/www.friedhofstribuene.at\/wordpress\/dornbach-kickt\/\">Weiterlesen <span class=\"meta-nav\">&rarr;<\/span><\/a><\/p>\n","protected":false},"author":1,"featured_media":0,"parent":0,"menu_order":3,"comment_status":"closed","ping_status":"open","template":"","meta":{"ngg_post_thumbnail":0,"footnotes":""},"class_list":["post-20","page","type-page","status-publish","hentry"],"_links":{"self":[{"href":"https:\/\/www.friedhofstribuene.at\/wordpress\/wp-json\/wp\/v2\/pages\/20","targetHints":{"allow":["GET"]}}],"collection":[{"href":"https:\/\/www.friedhofstribuene.at\/wordpress\/wp-json\/wp\/v2\/pages"}],"about":[{"href":"https:\/\/www.friedhofstribuene.at\/wordpress\/wp-json\/wp\/v2\/types\/page"}],"author":[{"embeddable":true,"href":"https:\/\/www.friedhofstribuene.at\/wordpress\/wp-json\/wp\/v2\/users\/1"}],"replies":[{"embeddable":true,"href":"https:\/\/www.friedhofstribuene.at\/wordpress\/wp-json\/wp\/v2\/comments?post=20"}],"version-history":[{"count":28,"href":"https:\/\/www.friedhofstribuene.at\/wordpress\/wp-json\/wp\/v2\/pages\/20\/revisions"}],"predecessor-version":[{"id":7083,"href":"https:\/\/www.friedhofstribuene.at\/wordpress\/wp-json\/wp\/v2\/pages\/20\/revisions\/7083"}],"wp:attachment":[{"href":"https:\/\/www.friedhofstribuene.at\/wordpress\/wp-json\/wp\/v2\/media?parent=20"}],"curies":[{"name":"wp","href":"https:\/\/api.w.org\/{rel}","templated":true}]}}