{"id":26,"date":"2010-08-30T12:47:31","date_gmt":"2010-08-30T10:47:31","guid":{"rendered":"http:\/\/friedhofstribuene.at\/wordpress\/?page_id=26"},"modified":"2025-11-06T10:04:56","modified_gmt":"2025-11-06T08:04:56","slug":"impressum","status":"publish","type":"page","link":"https:\/\/www.friedhofstribuene.at\/wordpress\/impressum\/","title":{"rendered":"Impressum \/ DSGVO"},"content":{"rendered":"<div>\n<h3><span style=\"text-decoration: underline;\"><span style=\"color: #000000; text-decoration: underline;\">Informationspflicht lt. \u00a7 5 Abs. 1 E-Commerce-Gesetz &#8211; <\/span>Datenschutzerkl\u00e4rung<span style=\"color: #000000; text-decoration: underline;\">:<\/span><\/span><\/h3>\n<h3>Der Schutz Ihrer pers\u00f6nlichen Daten ist uns ein besonderes Anliegen. Wir verarbeiten Ihre Daten daher ausschlie\u00dflich auf Grundlage der gesetzlichen Bestimmungen (DSGVO, TKG 2003). In diesen Datenschutzinformationen informieren wir Sie \u00fcber die wichtigsten Aspekte der Datenverarbeitung im Rahmen unserer Website.&nbsp;<\/h3>\n<h3>Beim Besuch unserer Webseite wird Ihre IP-Adresse, Beginn und Ende der Sitzung f\u00fcr die Dauer dieser Sitzung erfasst. Dies ist technisch bedingt und stellt damit ein berechtigtes Interesse iSv Art 6 Abs 1 lit f DSGVO dar. Soweit im Folgenden nichts anderes geregelt wird, werden diese Daten von uns nicht weiterverarbeitet.<\/h3>\n<h3 id=\"heading_Cookies\"><span style=\"text-decoration: underline;\">Cookies<\/span><\/h3>\n<h3>Unsere Website verwendet so genannte Cookies. Dabei handelt es sich um kleine Textdateien, die mit Hilfe des Browsers auf Ihrem Endger\u00e4t abgelegt werden. Sie richten keinen Schaden an. Wir nutzen Cookies dazu, unser Angebot nutzerfreundlich zu gestalten. Einige Cookies bleiben auf Ihrem Endger\u00e4t gespeichert, bis Sie diese l\u00f6schen. Sie erm\u00f6glichen es uns, Ihren Browser beim n\u00e4chsten Besuch wiederzuerkennen.Wenn Sie dies nicht w\u00fcnschen, so k\u00f6nnen Sie Ihren Browser so einrichten, dass er Sie \u00fcber das Setzen von Cookies informiert und Sie dies nur im Einzelfall erlauben. Bei der Deaktivierung von Cookies kann die Funktionalit\u00e4t unserer Website eingeschr\u00e4nkt sein.<\/h3>\n<\/div>\n<h3><span style=\"text-decoration: underline;\">Kontakt mit uns<\/span><\/h3>\n<h3>Wenn Sie per Formular auf der Website oder per E-Mail Kontakt mit uns aufnehmen, werden Ihre angegebenen Daten zwecks Bearbeitung der Anfrage und f\u00fcr den Fall von Anschlussfragen sechs Monate bei uns gespeichert. Diese Daten geben wir nicht ohne Ihre Einwilligung weiter.&nbsp;<\/h3>\n<p><span style=\"color: #000000;\">FreundInnen der Friedhofstrib\u00fcne<br \/>\nAlszeile 19<br \/>\n1170 Wien<\/span><br \/>\n<span style=\"color: #000000;\">Rechtsform: gemeinn\u00fctziger Verein<\/span><\/p>\n<p><span style=\"color: #000000;\">mail: freunde.der(at)friedhofstribuene.at<\/span><br \/>\n<span style=\"color: #000000;\">Unter dieser Adresse k\u00f6nnen sich alle FreundInnen der FreundInnen der Friedhofstrib\u00fcne \u00fcber den Verein informieren.<\/span><\/p>\n<p>Wir bitten um Fairness im Umgang miteinander!<br \/>\nwww.friedhofstribuene.at ersucht Beitr\u00e4ge sachlich zu kommentieren bzw. Beschimpfungen u.\u00e4. zu unterlassen. Wir behalten uns vor, Beitr\u00e4ge, die straf- oder zivilrechtliche Normen verletzen, den guten Sitten widersprechen etc., zu l\u00f6schen.<br \/>\nBitte beachten Sie die gesetzlichen Nutzungsbestimmungen, Copyright-, Muster- und Markenschutz- sowie patentrechtliche Bestimmungen.<br \/>\nfriedhofstribuene.at \u00fcbernimmt keine Haftung f\u00fcr Richtigkeit und Vollst\u00e4ndigkeit der ver\u00f6ffentlichten Daten.<br \/>\nDiese Seiten beinhalten Verkn\u00fcpfungen (&#8222;Links&#8220;) zu Internetseiten Dritter, \u00fcber die friedhofstribuene.at keine Kontrolle hat und f\u00fcr deren Inhalte, insbesondere deren Rechts- und Gesetzm\u00e4\u00dfigkeit keine Haftung \u00fcbernimmt.<\/p>\n<h3>Falls jemand die FreundInnen der Friedhofstrib\u00fcne finanziell unterst\u00fctzen m\u00f6chte, der kann das sehr gern tun &#8211; jeder Beitrag ist willkommen:<\/h3>\n<h3>Konto: 40176440002<br \/>\nBankleitzahl: 43000<br \/>\nBezeichnung: Freund*innen der Friedhofstrib\u00fcne<br \/>\nIBAN: AT74 4300 0401 7644 0002<br \/>\nBIC\/SWIFT-Code: VBOEATWWXXX<\/h3>\n<h3>Danke!<\/h3>\n<pre>&nbsp;<\/pre>\n","protected":false},"excerpt":{"rendered":"<p>Informationspflicht lt. \u00a7 5 Abs. 1 E-Commerce-Gesetz &#8211; Datenschutzerkl\u00e4rung: Der Schutz Ihrer pers\u00f6nlichen Daten ist uns ein besonderes Anliegen. Wir verarbeiten Ihre Daten daher ausschlie\u00dflich auf Grundlage der gesetzlichen Bestimmungen (DSGVO, TKG 2003). In diesen Datenschutzinformationen informieren wir Sie \u00fcber &hellip; <a href=\"https:\/\/www.friedhofstribuene.at\/wordpress\/impressum\/\">Weiterlesen <span class=\"meta-nav\">&rarr;<\/span><\/a><\/p>\n","protected":false},"author":1,"featured_media":0,"parent":0,"menu_order":8,"comment_status":"closed","ping_status":"open","template":"","meta":{"ngg_post_thumbnail":0,"footnotes":""},"class_list":["post-26","page","type-page","status-publish","hentry"],"_links":{"self":[{"href":"https:\/\/www.friedhofstribuene.at\/wordpress\/wp-json\/wp\/v2\/pages\/26","targetHints":{"allow":["GET"]}}],"collection":[{"href":"https:\/\/www.friedhofstribuene.at\/wordpress\/wp-json\/wp\/v2\/pages"}],"about":[{"href":"https:\/\/www.friedhofstribuene.at\/wordpress\/wp-json\/wp\/v2\/types\/page"}],"author":[{"embeddable":true,"href":"https:\/\/www.friedhofstribuene.at\/wordpress\/wp-json\/wp\/v2\/users\/1"}],"replies":[{"embeddable":true,"href":"https:\/\/www.friedhofstribuene.at\/wordpress\/wp-json\/wp\/v2\/comments?post=26"}],"version-history":[{"count":19,"href":"https:\/\/www.friedhofstribuene.at\/wordpress\/wp-json\/wp\/v2\/pages\/26\/revisions"}],"predecessor-version":[{"id":7019,"href":"https:\/\/www.friedhofstribuene.at\/wordpress\/wp-json\/wp\/v2\/pages\/26\/revisions\/7019"}],"wp:attachment":[{"href":"https:\/\/www.friedhofstribuene.at\/wordpress\/wp-json\/wp\/v2\/media?parent=26"}],"curies":[{"name":"wp","href":"https:\/\/api.w.org\/{rel}","templated":true}]}}