{"id":50,"date":"2010-11-29T19:07:04","date_gmt":"2010-11-29T17:07:04","guid":{"rendered":"http:\/\/friedhofstribuene.at\/wordpress\/?page_id=50"},"modified":"2022-09-18T12:00:01","modified_gmt":"2022-09-18T10:00:01","slug":"fht-on-tour","status":"publish","type":"page","link":"https:\/\/www.friedhofstribuene.at\/wordpress\/fht-on-tour\/","title":{"rendered":"FHT on Tour"},"content":{"rendered":"<p>We walk a million of miles for one of your goals!<\/p>\n<p>Die <strong>Anmeldung<\/strong> zu den Busfahrten ist <strong>\u00fcber folgende Kan\u00e4le<\/strong> m\u00f6glich:<br \/>\n\u2013 pers\u00f6nlich beim Reiseleitungsteam<br \/>\n\u2013 <a href=\"mailto:fhtontour@friedhofstribuene.at\" target=\"_blank\" rel=\"noopener\">fhtontour@friedhofstribuene.at<\/a><br \/>\n\u2013 0677-62796817 \u2013 Anruf, SMS, WhatsApp, Telegram<br \/>\n\u2013 <a href=\"http:\/\/www.facebook.com\/friedhofstribuene\" target=\"_blank\" rel=\"noopener\" data-saferedirecturl=\"https:\/\/www.google.com\/url?q=http:\/\/www.facebook.com\/friedhofstribuene&amp;source=gmail&amp;ust=1663580871281000&amp;usg=AOvVaw0Qrb_1pFIOE767nLuRqzeN\">www.facebook.com\/<wbr>friedhofstribuene<\/a><\/p>\n<p>Bei Ausw\u00e4rtsfahrten entsteht in regelm\u00e4\u00dfig unregelm\u00e4\u00dfiger Erscheinungsweise auch &#8222;FHT on Tour&#8220; &#8211; das Fanzine der Freund*innen der Friedhofstrib\u00fcne &#8211; Infos zum Spielort des Gegners, Groundhopping, Berichte zu kommenden Aktionen oder Initiativen und eigentlich eh alles rund um&#8217;s schwarz-wei\u00dfe Dornbacher Sport-Universum werden in &#8222;FHT on Tour&#8220; behandelt.<\/p>\n<p>Und hier gibt es die bisher erschienenen Ausgaben zum downloaden:<\/p>\n<p><a href=\"http:\/\/www.friedhofstribuene.at\/wordpress\/wp-content\/uploads\/2015\/06\/FHTonTour_01_April2008.pdf\" target=\"_blank\" rel=\"noopener noreferrer\">FHT on Tour #01 &#8211; 2008-04<\/a><a href=\"http:\/\/friedhofstribuene.at\/wordpress\/wp-content\/uploads\/2011\/12\/FHT_2_druck.pdf\"><br \/>\nFHT on Tour #02 &#8211; 2008-04<\/a><br \/>\n<a href=\"http:\/\/friedhofstribuene.at\/wordpress\/wp-content\/uploads\/2011\/12\/FHT_3_druck.pdf\">FHT on Tour #03 &#8211; 2008-05<\/a><br \/>\n<a href=\"http:\/\/friedhofstribuene.at\/wordpress\/wp-content\/uploads\/2011\/12\/FHT_4_druck.pdf\">FHT on Tour #04 &#8211; 2008-05<\/a><br \/>\n<a href=\"http:\/\/friedhofstribuene.at\/wordpress\/wp-content\/uploads\/2011\/12\/FHT_5_druck.pdf\">FHT on Tour #05 &#8211; 2008-08<\/a><br \/>\n<a href=\"http:\/\/friedhofstribuene.at\/wordpress\/wp-content\/uploads\/2011\/12\/FHT_6_druck.pdf\">FHT on Tour #06 &#8211; 2008-10<\/a><br \/>\n<a href=\"http:\/\/friedhofstribuene.at\/wordpress\/wp-content\/uploads\/2011\/12\/FHT_7_druck.pdf\">FHT on Tour #07 &#8211; 2008-10<\/a><br \/>\n<a href=\"http:\/\/friedhofstribuene.at\/wordpress\/wp-content\/uploads\/2011\/08\/FHTonTour_08.pdf\">FHT on Tour #08 &#8211; 2009-03<\/a><br \/>\n<a href=\"http:\/\/friedhofstribuene.at\/wordpress\/wp-content\/uploads\/2011\/08\/FHTonTour_09.pdf\">FHT on Tour #09 &#8211; 2009-03<\/a><br \/>\n<a href=\"http:\/\/friedhofstribuene.at\/wordpress\/wp-content\/uploads\/2011\/08\/FHTonTour_10.pdf\">FHT on Tour #10 &#8211; 2009-04<\/a><br \/>\n<a href=\"http:\/\/friedhofstribuene.at\/wordpress\/wp-content\/uploads\/2011\/08\/FHTonTour_11.pdf\">FHT on Tour #11 &#8211; 2009-05<\/a><br \/>\n<a href=\"http:\/\/friedhofstribuene.at\/wordpress\/wp-content\/uploads\/2011\/08\/FHTonTour_12.pdf\">FHT on Tour #12 &#8211; 2009-08<\/a><br \/>\n<a href=\"http:\/\/friedhofstribuene.at\/wordpress\/wp-content\/uploads\/2011\/08\/FHTonTour_13.pdf\">FHT on Tour #13 &#8211; 2009-11<\/a><br \/>\n<a href=\"http:\/\/friedhofstribuene.at\/wordpress\/wp-content\/uploads\/2011\/08\/FHT_14.pdf\">FHT on Tour #14 &#8211; 2011-08<\/a><br \/>\n<a href=\"https:\/\/dl.dropbox.com\/u\/26110837\/FHTonTour_15_2012-09.pdf\">FHT on Tour #15 &#8211; 2012-09<\/a><br \/>\n<a href=\"http:\/\/friedhofstribuene.at\/wordpress\/wp-content\/uploads\/2012\/11\/FHTonTour_16.pdf\">FHT on Tour #16 &#8211; 2012-11<\/a><br \/>\n<a href=\"http:\/\/friedhofstribuene.at\/wordpress\/wp-content\/uploads\/2013\/04\/FHTOnTour_2013-04-05_Ausgabe17.pdf\">FHT on Tour #17 &#8211; 2013-04<\/a><br \/>\n<a href=\"http:\/\/friedhofstribuene.at\/wordpress\/wp-content\/uploads\/2010\/11\/FHTonTour_18_2013-04-25.pdf\">FHT on Tour #18 &#8211; 2013-05<\/a><br \/>\n<a href=\"http:\/\/www.friedhofstribuene.at\/wordpress\/wp-content\/uploads\/2015\/09\/FHTonTour_Ausgabe19_191013_web.pdf\" target=\"_blank\" rel=\"noopener noreferrer\">FHT on Tour #19 &#8211; 2013-10<\/a><br \/>\n<a href=\"http:\/\/www.friedhofstribuene.at\/wordpress\/wp-content\/uploads\/2010\/11\/FHTonTour_20.pdf\" target=\"_blank\" rel=\"noopener noreferrer\">FHT on Tour #20 &#8211; 2015-09<\/a><br \/>\n<a href=\"http:\/\/www.friedhofstribuene.at\/wordpress\/wp-content\/uploads\/2010\/11\/fot250316_web.pdf\" rel=\"\">FHT On Tour #21 &#8211; 2016-03<\/a><\/p>\n","protected":false},"excerpt":{"rendered":"<p>We walk a million of miles for one of your goals! Die Anmeldung zu den Busfahrten ist \u00fcber folgende Kan\u00e4le m\u00f6glich: \u2013 pers\u00f6nlich beim Reiseleitungsteam \u2013 fhtontour@friedhofstribuene.at \u2013 0677-62796817 \u2013 Anruf, SMS, WhatsApp, Telegram \u2013 www.facebook.com\/friedhofstribuene Bei Ausw\u00e4rtsfahrten entsteht in &hellip; <a href=\"https:\/\/www.friedhofstribuene.at\/wordpress\/fht-on-tour\/\">Weiterlesen <span class=\"meta-nav\">&rarr;<\/span><\/a><\/p>\n","protected":false},"author":2,"featured_media":0,"parent":0,"menu_order":4,"comment_status":"closed","ping_status":"open","template":"","meta":{"ngg_post_thumbnail":0,"footnotes":""},"class_list":["post-50","page","type-page","status-publish","hentry"],"_links":{"self":[{"href":"https:\/\/www.friedhofstribuene.at\/wordpress\/wp-json\/wp\/v2\/pages\/50","targetHints":{"allow":["GET"]}}],"collection":[{"href":"https:\/\/www.friedhofstribuene.at\/wordpress\/wp-json\/wp\/v2\/pages"}],"about":[{"href":"https:\/\/www.friedhofstribuene.at\/wordpress\/wp-json\/wp\/v2\/types\/page"}],"author":[{"embeddable":true,"href":"https:\/\/www.friedhofstribuene.at\/wordpress\/wp-json\/wp\/v2\/users\/2"}],"replies":[{"embeddable":true,"href":"https:\/\/www.friedhofstribuene.at\/wordpress\/wp-json\/wp\/v2\/comments?post=50"}],"version-history":[{"count":33,"href":"https:\/\/www.friedhofstribuene.at\/wordpress\/wp-json\/wp\/v2\/pages\/50\/revisions"}],"predecessor-version":[{"id":6198,"href":"https:\/\/www.friedhofstribuene.at\/wordpress\/wp-json\/wp\/v2\/pages\/50\/revisions\/6198"}],"wp:attachment":[{"href":"https:\/\/www.friedhofstribuene.at\/wordpress\/wp-json\/wp\/v2\/media?parent=50"}],"curies":[{"name":"wp","href":"https:\/\/api.w.org\/{rel}","templated":true}]}}